{"id":6770,"date":"2020-04-15T18:22:39","date_gmt":"2020-04-15T15:22:39","guid":{"rendered":"https:\/\/www.yoruksut.com.tr\/?page_id=6770"},"modified":"2023-12-21T15:07:57","modified_gmt":"2023-12-21T12:07:57","slug":"cubuk-peynir","status":"publish","type":"page","link":"https:\/\/www.yoruksut.com.tr\/en\/urunler\/cubuk-peynir\/","title":{"rendered":"Stick Cheese"},"content":{"rendered":"[vc_row type=&#8221;full_width_background&#8221; full_screen_row_position=&#8221;middle&#8221; column_margin=&#8221;default&#8221; bg_color=&#8221;#f9f9f9&#8243; scene_position=&#8221;center&#8221; text_color=&#8221;dark&#8221; text_align=&#8221;left&#8221; top_padding=&#8221;20&#8243; bottom_padding=&#8221;20&#8243; overlay_strength=&#8221;0.3&#8243; shape_divider_position=&#8221;bottom&#8221; bg_image_animation=&#8221;none&#8221; shape_type=&#8221;&#8221;][vc_column column_padding=&#8221;padding-3-percent&#8221; column_padding_position=&#8221;top-bottom&#8221; background_color_opacity=&#8221;1&#8243; background_hover_color_opacity=&#8221;1&#8243; column_link_target=&#8221;_self&#8221; column_shadow=&#8221;none&#8221; column_border_radius=&#8221;none&#8221; width=&#8221;1\/2&#8243; tablet_width_inherit=&#8221;default&#8221; tablet_text_alignment=&#8221;default&#8221; phone_text_alignment=&#8221;default&#8221; overlay_strength=&#8221;0.3&#8243; column_border_width=&#8221;none&#8221; column_border_style=&#8221;solid&#8221; bg_image_animation=&#8221;none&#8221;][image_with_animation image_url=&#8221;6771&#8243; alignment=&#8221;center&#8221; animation=&#8221;None&#8221; hover_animation=&#8221;none&#8221; border_radius=&#8221;none&#8221; box_shadow=&#8221;none&#8221; image_loading=&#8221;default&#8221; max_width=&#8221;100%&#8221; max_width_mobile=&#8221;default&#8221;][carousel script=&#8221;owl_carousel&#8221; desktop_cols=&#8221;5&#8243; desktop_small_cols=&#8221;2&#8243; tablet_cols=&#8221;2&#8243; mobile_cols=&#8221;2&#8243; column_padding=&#8221;0&#8243;][item title=&#8221;Item&#8221; id=&#8221;1703160468998-10&#8243; tab_id=&#8221;1703160468998-2&#8243;][vc_column_text][\/vc_column_text][\/item][item id=&#8221;1703160469009-7&#8243; tab_id=&#8221;1703160469010-8&#8243; title=&#8221;Item&#8221;][vc_column_text][\/vc_column_text][\/item][item title=&#8221;Item&#8221; id=&#8221;1703160469020-2&#8243; tab_id=&#8221;1703160469020-9&#8243;][image_with_animation image_url=&#8221;7725&#8243; alignment=&#8221;center&#8221; animation=&#8221;None&#8221; img_link_large=&#8221;yes&#8221; hover_animation=&#8221;none&#8221; border_radius=&#8221;none&#8221; box_shadow=&#8221;none&#8221; image_loading=&#8221;default&#8221; max_width=&#8221;100%&#8221; max_width_mobile=&#8221;default&#8221;][vc_column_text]\n<p style=\"text-align: center;\">200 GR<\/p>\n[\/vc_column_text][\/item][item id=&#8221;1703160469035-7&#8243; tab_id=&#8221;1703160469035-5&#8243; title=&#8221;Item&#8221;][vc_column_text][\/vc_column_text][\/item][item title=&#8221;Item&#8221; id=&#8221;1703160469045-5&#8243; tab_id=&#8221;1703160469045-9&#8243;][vc_column_text][\/vc_column_text][\/item][\/carousel][vc_column_text]\n<p style=\"text-align: center;\"><a href=\"https:\/\/yadi.sk\/d\/th9XF59TmEtDrw\" target=\"_blank\" rel=\"nofollow noopener noreferrer\"><i class=\"fa fa-download\" aria-hidden=\"true\"><\/i>Click to download the large version of the product images (in TIFF Format)..<\/a><\/p>\n[\/vc_column_text][\/vc_column][vc_column column_padding=&#8221;padding-3-percent&#8221; column_padding_position=&#8221;top-bottom&#8221; background_color_opacity=&#8221;1&#8243; background_hover_color_opacity=&#8221;1&#8243; column_link_target=&#8221;_self&#8221; column_shadow=&#8221;none&#8221; column_border_radius=&#8221;none&#8221; width=&#8221;1\/2&#8243; tablet_width_inherit=&#8221;default&#8221; tablet_text_alignment=&#8221;default&#8221; phone_text_alignment=&#8221;default&#8221; overlay_strength=&#8221;0.3&#8243; column_border_width=&#8221;none&#8221; column_border_style=&#8221;solid&#8221; bg_image_animation=&#8221;none&#8221;][vc_column_text]\n<h3 class=\"title\"><span style=\"color: #c23079;\">Stick Cheese<br \/>\n<\/span><\/h3>\n<div class=\"aciklama\">\n<p class=\"bd6ff683d8d0a42f228bf8a64b8551e1MsoNormal\"><strong>With Stick Cheese, you will add snack pleasure to cheese,<\/strong><\/p>\n<p class=\"bd6ff683d8d0a42f228bf8a64b8551e1MsoNormal\">In the meetings we held with our R&amp;D Team, we thought about how we could add a snack to cheese while brainstorming. We wanted to produce a product that the consumer can eat like a snack while watching a match, studying or watching a TV series. Stick Cheese came out of such an idea and due to its high nutritional content, it is very healthy, unlike classic cookies. So, it is \u201cHealthy Snack Cookie Cheese\u201d. In short, \u00c7ERN\u0130R.<\/p>\n<h3 class=\"title\"><span style=\"color: #c23079;\">Nutritional Values<\/span><\/h3>\n<ul>\n<li>Energy and Nutrients100 gr<\/li>\n<li>Energy(kcal\/kj)302\/1256 gr<\/li>\n<li>Fat(g)23.85 g<\/li>\n<li>Carbs(g) 1.83 g<\/li>\n<li>Protein(g) 20.18 g<\/li>\n<\/ul>\n<\/div>\n[\/vc_column_text][\/vc_column][\/vc_row]","protected":false},"excerpt":{"rendered":"<p>[vc_row type=&#8221;full_width_background&#8221; full_screen_row_position=&#8221;middle&#8221; column_margin=&#8221;default&#8221; bg_color=&#8221;#f9f9f9&#8243; scene_position=&#8221;center&#8221; text_color=&#8221;dark&#8221; text_align=&#8221;left&#8221; top_padding=&#8221;20&#8243; bottom_padding=&#8221;20&#8243; overlay_strength=&#8221;0.3&#8243; shape_divider_position=&#8221;bottom&#8221; bg_image_animation=&#8221;none&#8221; shape_type=&#8221;&#8221;][vc_column column_padding=&#8221;padding-3-percent&#8221; column_padding_position=&#8221;top-bottom&#8221; background_color_opacity=&#8221;1&#8243; background_hover_color_opacity=&#8221;1&#8243; column_link_target=&#8221;_self&#8221; column_shadow=&#8221;none&#8221; column_border_radius=&#8221;none&#8221; width=&#8221;1\/2&#8243; tablet_width_inherit=&#8221;default&#8221; tablet_text_alignment=&#8221;default&#8221; phone_text_alignment=&#8221;default&#8221;&#8230;<\/p>\n","protected":false},"author":1,"featured_media":0,"parent":6541,"menu_order":0,"comment_status":"closed","ping_status":"closed","template":"","meta":{"footnotes":""},"class_list":["post-6770","page","type-page","status-publish"],"yoast_head":"<!-- This site is optimized with the Yoast SEO plugin v24.8.1 - https:\/\/yoast.com\/wordpress\/plugins\/seo\/ -->\n<title>Stick Cheese - Y\u00f6r\u00fcks\u00fct<\/title>\n<meta name=\"robots\" content=\"index, follow, max-snippet:-1, max-image-preview:large, max-video-preview:-1\" \/>\n<link rel=\"canonical\" href=\"https:\/\/www.yoruksut.com.tr\/urunler\/cubuk-peynir\/\" \/>\n<meta property=\"og:locale\" content=\"en_US\" \/>\n<meta property=\"og:type\" content=\"article\" \/>\n<meta property=\"og:title\" content=\"[:tr]\u00c7ubuk Peynir[:en]Stick Cheese[:] - Y\u00f6r\u00fcks\u00fct\" \/>\n<meta property=\"og:description\" content=\"[vc_row type=&#8221;full_width_background&#8221; full_screen_row_position=&#8221;middle&#8221; column_margin=&#8221;default&#8221; bg_color=&#8221;#f9f9f9&#8243; scene_position=&#8221;center&#8221; text_color=&#8221;dark&#8221; text_align=&#8221;left&#8221; top_padding=&#8221;20&#8243; bottom_padding=&#8221;20&#8243; overlay_strength=&#8221;0.3&#8243; shape_divider_position=&#8221;bottom&#8221; bg_image_animation=&#8221;none&#8221; shape_type=&#8221;&#8221;][vc_column column_padding=&#8221;padding-3-percent&#8221; column_padding_position=&#8221;top-bottom&#8221; background_color_opacity=&#8221;1&#8243; background_hover_color_opacity=&#8221;1&#8243; column_link_target=&#8221;_self&#8221; column_shadow=&#8221;none&#8221; column_border_radius=&#8221;none&#8221; width=&#8221;1\/2&#8243; tablet_width_inherit=&#8221;default&#8221; tablet_text_alignment=&#8221;default&#8221; phone_text_alignment=&#8221;default&#8221;...\" \/>\n<meta property=\"og:url\" content=\"https:\/\/www.yoruksut.com.tr\/urunler\/cubuk-peynir\/\" \/>\n<meta property=\"og:site_name\" content=\"Y\u00f6r\u00fcks\u00fct\" \/>\n<meta property=\"article:modified_time\" content=\"2023-12-21T12:07:57+00:00\" \/>\n<meta name=\"twitter:card\" content=\"summary_large_image\" \/>\n<meta name=\"twitter:label1\" content=\"Est. reading time\" \/>\n\t<meta name=\"twitter:data1\" content=\"2 minutes\" \/>\n<script type=\"application\/ld+json\" class=\"yoast-schema-graph\">{\"@context\":\"https:\/\/schema.org\",\"@graph\":[{\"@type\":\"WebPage\",\"@id\":\"https:\/\/www.yoruksut.com.tr\/urunler\/cubuk-peynir\/\",\"url\":\"https:\/\/www.yoruksut.com.tr\/urunler\/cubuk-peynir\/\",\"name\":\"[:tr]\u00c7ubuk Peynir[:en]Stick Cheese[:] - Y\u00f6r\u00fcks\u00fct\",\"isPartOf\":{\"@id\":\"https:\/\/www.yoruksut.com.tr\/#website\"},\"datePublished\":\"2020-04-15T15:22:39+00:00\",\"dateModified\":\"2023-12-21T12:07:57+00:00\",\"breadcrumb\":{\"@id\":\"https:\/\/www.yoruksut.com.tr\/urunler\/cubuk-peynir\/#breadcrumb\"},\"inLanguage\":\"en-US\",\"potentialAction\":[{\"@type\":\"ReadAction\",\"target\":[\"https:\/\/www.yoruksut.com.tr\/urunler\/cubuk-peynir\/\"]}]},{\"@type\":\"BreadcrumbList\",\"@id\":\"https:\/\/www.yoruksut.com.tr\/urunler\/cubuk-peynir\/#breadcrumb\",\"itemListElement\":[{\"@type\":\"ListItem\",\"position\":1,\"name\":\"Ana sayfa\",\"item\":\"https:\/\/www.yoruksut.com.tr\/\"},{\"@type\":\"ListItem\",\"position\":2,\"name\":\"\u00dcr\u00fcnler\",\"item\":\"https:\/\/www.yoruksut.com.tr\/urunler\/\"},{\"@type\":\"ListItem\",\"position\":3,\"name\":\"\u00c7ubuk Peynir\"}]},{\"@type\":\"WebSite\",\"@id\":\"https:\/\/www.yoruksut.com.tr\/#website\",\"url\":\"https:\/\/www.yoruksut.com.tr\/\",\"name\":\"Y\u00f6r\u00fcks\u00fct\",\"description\":\"Mersin S\u00fct\",\"potentialAction\":[{\"@type\":\"SearchAction\",\"target\":{\"@type\":\"EntryPoint\",\"urlTemplate\":\"https:\/\/www.yoruksut.com.tr\/?s={search_term_string}\"},\"query-input\":{\"@type\":\"PropertyValueSpecification\",\"valueRequired\":true,\"valueName\":\"search_term_string\"}}],\"inLanguage\":\"en-US\"}]}<\/script>\n<!-- \/ Yoast SEO plugin. -->","yoast_head_json":{"title":"[:tr]\u00c7ubuk Peynir[:en]Stick Cheese[:] - Y\u00f6r\u00fcks\u00fct","robots":{"index":"index","follow":"follow","max-snippet":"max-snippet:-1","max-image-preview":"max-image-preview:large","max-video-preview":"max-video-preview:-1"},"canonical":"https:\/\/www.yoruksut.com.tr\/urunler\/cubuk-peynir\/","og_locale":"en_US","og_type":"article","og_title":"[:tr]\u00c7ubuk Peynir[:en]Stick Cheese[:] - Y\u00f6r\u00fcks\u00fct","og_description":"[vc_row type=&#8221;full_width_background&#8221; full_screen_row_position=&#8221;middle&#8221; column_margin=&#8221;default&#8221; bg_color=&#8221;#f9f9f9&#8243; scene_position=&#8221;center&#8221; text_color=&#8221;dark&#8221; text_align=&#8221;left&#8221; top_padding=&#8221;20&#8243; bottom_padding=&#8221;20&#8243; overlay_strength=&#8221;0.3&#8243; shape_divider_position=&#8221;bottom&#8221; bg_image_animation=&#8221;none&#8221; shape_type=&#8221;&#8221;][vc_column column_padding=&#8221;padding-3-percent&#8221; column_padding_position=&#8221;top-bottom&#8221; background_color_opacity=&#8221;1&#8243; background_hover_color_opacity=&#8221;1&#8243; column_link_target=&#8221;_self&#8221; column_shadow=&#8221;none&#8221; column_border_radius=&#8221;none&#8221; width=&#8221;1\/2&#8243; tablet_width_inherit=&#8221;default&#8221; tablet_text_alignment=&#8221;default&#8221; phone_text_alignment=&#8221;default&#8221;...","og_url":"https:\/\/www.yoruksut.com.tr\/urunler\/cubuk-peynir\/","og_site_name":"Y\u00f6r\u00fcks\u00fct","article_modified_time":"2023-12-21T12:07:57+00:00","twitter_card":"summary_large_image","twitter_misc":{"Est. reading time":"2 minutes"},"schema":{"@context":"https:\/\/schema.org","@graph":[{"@type":"WebPage","@id":"https:\/\/www.yoruksut.com.tr\/urunler\/cubuk-peynir\/","url":"https:\/\/www.yoruksut.com.tr\/urunler\/cubuk-peynir\/","name":"[:tr]\u00c7ubuk Peynir[:en]Stick Cheese[:] - Y\u00f6r\u00fcks\u00fct","isPartOf":{"@id":"https:\/\/www.yoruksut.com.tr\/#website"},"datePublished":"2020-04-15T15:22:39+00:00","dateModified":"2023-12-21T12:07:57+00:00","breadcrumb":{"@id":"https:\/\/www.yoruksut.com.tr\/urunler\/cubuk-peynir\/#breadcrumb"},"inLanguage":"en-US","potentialAction":[{"@type":"ReadAction","target":["https:\/\/www.yoruksut.com.tr\/urunler\/cubuk-peynir\/"]}]},{"@type":"BreadcrumbList","@id":"https:\/\/www.yoruksut.com.tr\/urunler\/cubuk-peynir\/#breadcrumb","itemListElement":[{"@type":"ListItem","position":1,"name":"Ana sayfa","item":"https:\/\/www.yoruksut.com.tr\/"},{"@type":"ListItem","position":2,"name":"\u00dcr\u00fcnler","item":"https:\/\/www.yoruksut.com.tr\/urunler\/"},{"@type":"ListItem","position":3,"name":"\u00c7ubuk Peynir"}]},{"@type":"WebSite","@id":"https:\/\/www.yoruksut.com.tr\/#website","url":"https:\/\/www.yoruksut.com.tr\/","name":"Y\u00f6r\u00fcks\u00fct","description":"Mersin S\u00fct","potentialAction":[{"@type":"SearchAction","target":{"@type":"EntryPoint","urlTemplate":"https:\/\/www.yoruksut.com.tr\/?s={search_term_string}"},"query-input":{"@type":"PropertyValueSpecification","valueRequired":true,"valueName":"search_term_string"}}],"inLanguage":"en-US"}]}},"_links":{"self":[{"href":"https:\/\/www.yoruksut.com.tr\/en\/wp-json\/wp\/v2\/pages\/6770"}],"collection":[{"href":"https:\/\/www.yoruksut.com.tr\/en\/wp-json\/wp\/v2\/pages"}],"about":[{"href":"https:\/\/www.yoruksut.com.tr\/en\/wp-json\/wp\/v2\/types\/page"}],"author":[{"embeddable":true,"href":"https:\/\/www.yoruksut.com.tr\/en\/wp-json\/wp\/v2\/users\/1"}],"replies":[{"embeddable":true,"href":"https:\/\/www.yoruksut.com.tr\/en\/wp-json\/wp\/v2\/comments?post=6770"}],"version-history":[{"count":9,"href":"https:\/\/www.yoruksut.com.tr\/en\/wp-json\/wp\/v2\/pages\/6770\/revisions"}],"predecessor-version":[{"id":7925,"href":"https:\/\/www.yoruksut.com.tr\/en\/wp-json\/wp\/v2\/pages\/6770\/revisions\/7925"}],"up":[{"embeddable":true,"href":"https:\/\/www.yoruksut.com.tr\/en\/wp-json\/wp\/v2\/pages\/6541"}],"wp:attachment":[{"href":"https:\/\/www.yoruksut.com.tr\/en\/wp-json\/wp\/v2\/media?parent=6770"}],"curies":[{"name":"wp","href":"https:\/\/api.w.org\/{rel}","templated":true}]}}