{"id":6825,"date":"2020-04-16T12:54:57","date_gmt":"2020-04-16T09:54:57","guid":{"rendered":"https:\/\/www.yoruksut.com.tr\/?page_id=6825"},"modified":"2023-12-21T15:02:20","modified_gmt":"2023-12-21T12:02:20","slug":"salamura-otlu-peynir","status":"publish","type":"page","link":"https:\/\/www.yoruksut.com.tr\/en\/urunler\/salamura-otlu-peynir\/","title":{"rendered":"Brine Cheese with Herb"},"content":{"rendered":"[vc_row type=&#8221;full_width_background&#8221; full_screen_row_position=&#8221;middle&#8221; column_margin=&#8221;default&#8221; bg_color=&#8221;#f9f9f9&#8243; scene_position=&#8221;center&#8221; text_color=&#8221;dark&#8221; text_align=&#8221;left&#8221; top_padding=&#8221;20&#8243; bottom_padding=&#8221;20&#8243; overlay_strength=&#8221;0.3&#8243; shape_divider_position=&#8221;bottom&#8221; bg_image_animation=&#8221;none&#8221; shape_type=&#8221;&#8221;][vc_column column_padding=&#8221;padding-3-percent&#8221; column_padding_position=&#8221;top-bottom&#8221; background_color_opacity=&#8221;1&#8243; background_hover_color_opacity=&#8221;1&#8243; column_link_target=&#8221;_self&#8221; column_shadow=&#8221;none&#8221; column_border_radius=&#8221;none&#8221; width=&#8221;1\/2&#8243; tablet_width_inherit=&#8221;default&#8221; tablet_text_alignment=&#8221;default&#8221; phone_text_alignment=&#8221;default&#8221; overlay_strength=&#8221;0.3&#8243; column_border_width=&#8221;none&#8221; column_border_style=&#8221;solid&#8221; bg_image_animation=&#8221;none&#8221;][image_with_animation image_url=&#8221;6826&#8243; alignment=&#8221;center&#8221; animation=&#8221;None&#8221; hover_animation=&#8221;none&#8221; border_radius=&#8221;none&#8221; box_shadow=&#8221;none&#8221; image_loading=&#8221;default&#8221; max_width=&#8221;100%&#8221; max_width_mobile=&#8221;default&#8221;][carousel script=&#8221;owl_carousel&#8221; desktop_cols=&#8221;5&#8243; desktop_small_cols=&#8221;2&#8243; tablet_cols=&#8221;2&#8243; mobile_cols=&#8221;2&#8243; column_padding=&#8221;0&#8243;][item title=&#8221;Item&#8221; id=&#8221;1703160118789-8&#8243; tab_id=&#8221;1703160118790-4&#8243;][vc_column_text][\/vc_column_text][\/item][item id=&#8221;1703160118801-7&#8243; tab_id=&#8221;1703160118802-3&#8243; title=&#8221;Item&#8221;][vc_column_text][\/vc_column_text][\/item][item id=&#8221;1703160118808-2&#8243; tab_id=&#8221;1703160118808-6&#8243; title=&#8221;Item&#8221;][image_with_animation image_url=&#8221;6826&#8243; alignment=&#8221;center&#8221; animation=&#8221;None&#8221; img_link_large=&#8221;yes&#8221; hover_animation=&#8221;none&#8221; border_radius=&#8221;none&#8221; box_shadow=&#8221;none&#8221; image_loading=&#8221;default&#8221; max_width=&#8221;100%&#8221; max_width_mobile=&#8221;default&#8221;][vc_column_text]\n<p style=\"text-align: center;\">8000 Gr<\/p>\n[\/vc_column_text][\/item][item id=&#8221;1703160118820-4&#8243; tab_id=&#8221;1703160118820-7&#8243; title=&#8221;Item&#8221;][vc_column_text][\/vc_column_text][\/item][item id=&#8221;1703160118828-8&#8243; tab_id=&#8221;1703160118829-0&#8243; title=&#8221;Item&#8221;][vc_column_text][\/vc_column_text][\/item][\/carousel][vc_column_text]\n<p style=\"text-align: center;\"><a href=\"https:\/\/yadi.sk\/d\/amlfgCGdwZaGc\" target=\"_blank\" rel=\"nofollow noopener noreferrer\"><i class=\"fa fa-download\" aria-hidden=\"true\"><\/i>Click to download the large version of the product images (in TIFF Format)..<\/a><\/p>\n[\/vc_column_text][\/vc_column][vc_column column_padding=&#8221;padding-3-percent&#8221; column_padding_position=&#8221;top-bottom&#8221; background_color_opacity=&#8221;1&#8243; background_hover_color_opacity=&#8221;1&#8243; column_link_target=&#8221;_self&#8221; column_shadow=&#8221;none&#8221; column_border_radius=&#8221;none&#8221; width=&#8221;1\/2&#8243; tablet_width_inherit=&#8221;default&#8221; tablet_text_alignment=&#8221;default&#8221; phone_text_alignment=&#8221;default&#8221; overlay_strength=&#8221;0.3&#8243; column_border_width=&#8221;none&#8221; column_border_style=&#8221;solid&#8221; bg_image_animation=&#8221;none&#8221;][vc_column_text]\n<h3 class=\"title1\">Brine Cheese with Herb<\/h3>\n<div class=\"aciklama\">\n<p dir=\"ltr\"><strong>You will feel the nature breeze with Village Cheese,<\/strong><\/p>\n<p>Many of us prefer cheese made in the village. We offer you this cheese with the health, taste and quality assurance of Y\u00f6r\u00fcks\u00fct&#8217;s expert food engineers, technicians and masters. You will feel the nature breeze with Village Cheese.<\/p>\n<h4>Nutritional Values<\/h4>\n<ul>\n<li>Energy(kcal\/kj)312\/1304,16<\/li>\n<li>Fat(g)18<\/li>\n<li>Protein(g)14.2<\/li>\n<li>Calcium(mg)545<\/li>\n<\/ul>\n<\/div>\n[\/vc_column_text][\/vc_column][\/vc_row]","protected":false},"excerpt":{"rendered":"<p>[vc_row type=&#8221;full_width_background&#8221; full_screen_row_position=&#8221;middle&#8221; column_margin=&#8221;default&#8221; bg_color=&#8221;#f9f9f9&#8243; scene_position=&#8221;center&#8221; text_color=&#8221;dark&#8221; text_align=&#8221;left&#8221; top_padding=&#8221;20&#8243; bottom_padding=&#8221;20&#8243; overlay_strength=&#8221;0.3&#8243; shape_divider_position=&#8221;bottom&#8221; bg_image_animation=&#8221;none&#8221; shape_type=&#8221;&#8221;][vc_column column_padding=&#8221;padding-3-percent&#8221; column_padding_position=&#8221;top-bottom&#8221; background_color_opacity=&#8221;1&#8243; background_hover_color_opacity=&#8221;1&#8243; column_link_target=&#8221;_self&#8221; column_shadow=&#8221;none&#8221; column_border_radius=&#8221;none&#8221; width=&#8221;1\/2&#8243; tablet_width_inherit=&#8221;default&#8221; tablet_text_alignment=&#8221;default&#8221; phone_text_alignment=&#8221;default&#8221;&#8230;<\/p>\n","protected":false},"author":1,"featured_media":0,"parent":6541,"menu_order":0,"comment_status":"closed","ping_status":"closed","template":"","meta":{"footnotes":""},"class_list":["post-6825","page","type-page","status-publish"],"yoast_head":"<!-- This site is optimized with the Yoast SEO plugin v24.8.1 - https:\/\/yoast.com\/wordpress\/plugins\/seo\/ -->\n<title>Brine Cheese with Herb - Y\u00f6r\u00fcks\u00fct<\/title>\n<meta name=\"robots\" content=\"index, follow, max-snippet:-1, max-image-preview:large, max-video-preview:-1\" \/>\n<link rel=\"canonical\" href=\"https:\/\/www.yoruksut.com.tr\/urunler\/salamura-otlu-peynir\/\" \/>\n<meta property=\"og:locale\" content=\"en_US\" \/>\n<meta property=\"og:type\" content=\"article\" \/>\n<meta property=\"og:title\" content=\"[:tr]Salamura Otlu Peynir[:en]Brine Cheese with Herb[:] - Y\u00f6r\u00fcks\u00fct\" \/>\n<meta property=\"og:description\" content=\"[vc_row type=&#8221;full_width_background&#8221; full_screen_row_position=&#8221;middle&#8221; column_margin=&#8221;default&#8221; bg_color=&#8221;#f9f9f9&#8243; scene_position=&#8221;center&#8221; text_color=&#8221;dark&#8221; text_align=&#8221;left&#8221; top_padding=&#8221;20&#8243; bottom_padding=&#8221;20&#8243; overlay_strength=&#8221;0.3&#8243; shape_divider_position=&#8221;bottom&#8221; bg_image_animation=&#8221;none&#8221; shape_type=&#8221;&#8221;][vc_column column_padding=&#8221;padding-3-percent&#8221; column_padding_position=&#8221;top-bottom&#8221; background_color_opacity=&#8221;1&#8243; background_hover_color_opacity=&#8221;1&#8243; column_link_target=&#8221;_self&#8221; column_shadow=&#8221;none&#8221; column_border_radius=&#8221;none&#8221; width=&#8221;1\/2&#8243; tablet_width_inherit=&#8221;default&#8221; tablet_text_alignment=&#8221;default&#8221; phone_text_alignment=&#8221;default&#8221;...\" \/>\n<meta property=\"og:url\" content=\"https:\/\/www.yoruksut.com.tr\/urunler\/salamura-otlu-peynir\/\" \/>\n<meta property=\"og:site_name\" content=\"Y\u00f6r\u00fcks\u00fct\" \/>\n<meta property=\"article:modified_time\" content=\"2023-12-21T12:02:20+00:00\" \/>\n<meta name=\"twitter:card\" content=\"summary_large_image\" \/>\n<meta name=\"twitter:label1\" content=\"Est. reading time\" \/>\n\t<meta name=\"twitter:data1\" content=\"2 minutes\" \/>\n<script type=\"application\/ld+json\" class=\"yoast-schema-graph\">{\"@context\":\"https:\/\/schema.org\",\"@graph\":[{\"@type\":\"WebPage\",\"@id\":\"https:\/\/www.yoruksut.com.tr\/urunler\/salamura-otlu-peynir\/\",\"url\":\"https:\/\/www.yoruksut.com.tr\/urunler\/salamura-otlu-peynir\/\",\"name\":\"[:tr]Salamura Otlu Peynir[:en]Brine Cheese with Herb[:] - Y\u00f6r\u00fcks\u00fct\",\"isPartOf\":{\"@id\":\"https:\/\/www.yoruksut.com.tr\/#website\"},\"datePublished\":\"2020-04-16T09:54:57+00:00\",\"dateModified\":\"2023-12-21T12:02:20+00:00\",\"breadcrumb\":{\"@id\":\"https:\/\/www.yoruksut.com.tr\/urunler\/salamura-otlu-peynir\/#breadcrumb\"},\"inLanguage\":\"en-US\",\"potentialAction\":[{\"@type\":\"ReadAction\",\"target\":[\"https:\/\/www.yoruksut.com.tr\/urunler\/salamura-otlu-peynir\/\"]}]},{\"@type\":\"BreadcrumbList\",\"@id\":\"https:\/\/www.yoruksut.com.tr\/urunler\/salamura-otlu-peynir\/#breadcrumb\",\"itemListElement\":[{\"@type\":\"ListItem\",\"position\":1,\"name\":\"Ana sayfa\",\"item\":\"https:\/\/www.yoruksut.com.tr\/\"},{\"@type\":\"ListItem\",\"position\":2,\"name\":\"\u00dcr\u00fcnler\",\"item\":\"https:\/\/www.yoruksut.com.tr\/urunler\/\"},{\"@type\":\"ListItem\",\"position\":3,\"name\":\"Salamura Otlu Peynir\"}]},{\"@type\":\"WebSite\",\"@id\":\"https:\/\/www.yoruksut.com.tr\/#website\",\"url\":\"https:\/\/www.yoruksut.com.tr\/\",\"name\":\"Y\u00f6r\u00fcks\u00fct\",\"description\":\"Mersin S\u00fct\",\"potentialAction\":[{\"@type\":\"SearchAction\",\"target\":{\"@type\":\"EntryPoint\",\"urlTemplate\":\"https:\/\/www.yoruksut.com.tr\/?s={search_term_string}\"},\"query-input\":{\"@type\":\"PropertyValueSpecification\",\"valueRequired\":true,\"valueName\":\"search_term_string\"}}],\"inLanguage\":\"en-US\"}]}<\/script>\n<!-- \/ Yoast SEO plugin. -->","yoast_head_json":{"title":"[:tr]Salamura Otlu Peynir[:en]Brine Cheese with Herb[:] - Y\u00f6r\u00fcks\u00fct","robots":{"index":"index","follow":"follow","max-snippet":"max-snippet:-1","max-image-preview":"max-image-preview:large","max-video-preview":"max-video-preview:-1"},"canonical":"https:\/\/www.yoruksut.com.tr\/urunler\/salamura-otlu-peynir\/","og_locale":"en_US","og_type":"article","og_title":"[:tr]Salamura Otlu Peynir[:en]Brine Cheese with Herb[:] - Y\u00f6r\u00fcks\u00fct","og_description":"[vc_row type=&#8221;full_width_background&#8221; full_screen_row_position=&#8221;middle&#8221; column_margin=&#8221;default&#8221; bg_color=&#8221;#f9f9f9&#8243; scene_position=&#8221;center&#8221; text_color=&#8221;dark&#8221; text_align=&#8221;left&#8221; top_padding=&#8221;20&#8243; bottom_padding=&#8221;20&#8243; overlay_strength=&#8221;0.3&#8243; shape_divider_position=&#8221;bottom&#8221; bg_image_animation=&#8221;none&#8221; shape_type=&#8221;&#8221;][vc_column column_padding=&#8221;padding-3-percent&#8221; column_padding_position=&#8221;top-bottom&#8221; background_color_opacity=&#8221;1&#8243; background_hover_color_opacity=&#8221;1&#8243; column_link_target=&#8221;_self&#8221; column_shadow=&#8221;none&#8221; column_border_radius=&#8221;none&#8221; width=&#8221;1\/2&#8243; tablet_width_inherit=&#8221;default&#8221; tablet_text_alignment=&#8221;default&#8221; phone_text_alignment=&#8221;default&#8221;...","og_url":"https:\/\/www.yoruksut.com.tr\/urunler\/salamura-otlu-peynir\/","og_site_name":"Y\u00f6r\u00fcks\u00fct","article_modified_time":"2023-12-21T12:02:20+00:00","twitter_card":"summary_large_image","twitter_misc":{"Est. reading time":"2 minutes"},"schema":{"@context":"https:\/\/schema.org","@graph":[{"@type":"WebPage","@id":"https:\/\/www.yoruksut.com.tr\/urunler\/salamura-otlu-peynir\/","url":"https:\/\/www.yoruksut.com.tr\/urunler\/salamura-otlu-peynir\/","name":"[:tr]Salamura Otlu Peynir[:en]Brine Cheese with Herb[:] - Y\u00f6r\u00fcks\u00fct","isPartOf":{"@id":"https:\/\/www.yoruksut.com.tr\/#website"},"datePublished":"2020-04-16T09:54:57+00:00","dateModified":"2023-12-21T12:02:20+00:00","breadcrumb":{"@id":"https:\/\/www.yoruksut.com.tr\/urunler\/salamura-otlu-peynir\/#breadcrumb"},"inLanguage":"en-US","potentialAction":[{"@type":"ReadAction","target":["https:\/\/www.yoruksut.com.tr\/urunler\/salamura-otlu-peynir\/"]}]},{"@type":"BreadcrumbList","@id":"https:\/\/www.yoruksut.com.tr\/urunler\/salamura-otlu-peynir\/#breadcrumb","itemListElement":[{"@type":"ListItem","position":1,"name":"Ana sayfa","item":"https:\/\/www.yoruksut.com.tr\/"},{"@type":"ListItem","position":2,"name":"\u00dcr\u00fcnler","item":"https:\/\/www.yoruksut.com.tr\/urunler\/"},{"@type":"ListItem","position":3,"name":"Salamura Otlu Peynir"}]},{"@type":"WebSite","@id":"https:\/\/www.yoruksut.com.tr\/#website","url":"https:\/\/www.yoruksut.com.tr\/","name":"Y\u00f6r\u00fcks\u00fct","description":"Mersin S\u00fct","potentialAction":[{"@type":"SearchAction","target":{"@type":"EntryPoint","urlTemplate":"https:\/\/www.yoruksut.com.tr\/?s={search_term_string}"},"query-input":{"@type":"PropertyValueSpecification","valueRequired":true,"valueName":"search_term_string"}}],"inLanguage":"en-US"}]}},"_links":{"self":[{"href":"https:\/\/www.yoruksut.com.tr\/en\/wp-json\/wp\/v2\/pages\/6825"}],"collection":[{"href":"https:\/\/www.yoruksut.com.tr\/en\/wp-json\/wp\/v2\/pages"}],"about":[{"href":"https:\/\/www.yoruksut.com.tr\/en\/wp-json\/wp\/v2\/types\/page"}],"author":[{"embeddable":true,"href":"https:\/\/www.yoruksut.com.tr\/en\/wp-json\/wp\/v2\/users\/1"}],"replies":[{"embeddable":true,"href":"https:\/\/www.yoruksut.com.tr\/en\/wp-json\/wp\/v2\/comments?post=6825"}],"version-history":[{"count":3,"href":"https:\/\/www.yoruksut.com.tr\/en\/wp-json\/wp\/v2\/pages\/6825\/revisions"}],"predecessor-version":[{"id":7917,"href":"https:\/\/www.yoruksut.com.tr\/en\/wp-json\/wp\/v2\/pages\/6825\/revisions\/7917"}],"up":[{"embeddable":true,"href":"https:\/\/www.yoruksut.com.tr\/en\/wp-json\/wp\/v2\/pages\/6541"}],"wp:attachment":[{"href":"https:\/\/www.yoruksut.com.tr\/en\/wp-json\/wp\/v2\/media?parent=6825"}],"curies":[{"name":"wp","href":"https:\/\/api.w.org\/{rel}","templated":true}]}}