{"id":7596,"date":"2022-01-19T10:21:04","date_gmt":"2022-01-19T07:21:04","guid":{"rendered":"https:\/\/www.yoruksut.com.tr\/?page_id=7596"},"modified":"2022-01-19T10:22:03","modified_gmt":"2022-01-19T07:22:03","slug":"yoruksut-a-s","status":"publish","type":"page","link":"https:\/\/www.yoruksut.com.tr\/en\/yoruksut-a-s\/","title":{"rendered":"(Turkish) Y\u00f6r\u00fcks\u00fct A.\u015e."},"content":{"rendered":"<p class=\"qtranxs-available-languages-message qtranxs-available-languages-message-en\">Sorry, this entry is only available in <a href=\"https:\/\/www.yoruksut.com.tr\/tr\/wp-json\/wp\/v2\/pages\/7596\" class=\"qtranxs-available-language-link qtranxs-available-language-link-tr\" title=\"Turkish\">Turkish<\/a>.<\/p>","protected":false},"excerpt":{"rendered":"<p>Sorry, this entry is only available in Turkish.<\/p>\n","protected":false},"author":1,"featured_media":0,"parent":0,"menu_order":0,"comment_status":"closed","ping_status":"closed","template":"","meta":{"footnotes":""},"class_list":["post-7596","page","type-page","status-publish"],"yoast_head":"<!-- This site is optimized with the Yoast SEO plugin v24.8.1 - https:\/\/yoast.com\/wordpress\/plugins\/seo\/ -->\n<title><\/title>\n<meta name=\"robots\" content=\"index, follow, max-snippet:-1, max-image-preview:large, max-video-preview:-1\" \/>\n<link rel=\"canonical\" href=\"https:\/\/www.yoruksut.com.tr\/yoruksut-a-s\/\" \/>\n<meta property=\"og:locale\" content=\"en_US\" \/>\n<meta property=\"og:type\" content=\"article\" \/>\n<meta property=\"og:title\" content=\"[:tr]Y\u00f6r\u00fcks\u00fct A.\u015e.[:] - Y\u00f6r\u00fcks\u00fct\" \/>\n<meta property=\"og:description\" content=\"Sorry, this entry is only available in Turkish.\" \/>\n<meta property=\"og:url\" content=\"https:\/\/www.yoruksut.com.tr\/yoruksut-a-s\/\" \/>\n<meta property=\"og:site_name\" content=\"Y\u00f6r\u00fcks\u00fct\" \/>\n<meta property=\"article:modified_time\" content=\"2022-01-19T07:22:03+00:00\" \/>\n<meta name=\"twitter:card\" content=\"summary_large_image\" \/>\n<meta name=\"twitter:label1\" content=\"Est. reading time\" \/>\n\t<meta name=\"twitter:data1\" content=\"10 minutes\" \/>\n<script type=\"application\/ld+json\" class=\"yoast-schema-graph\">{\"@context\":\"https:\/\/schema.org\",\"@graph\":[{\"@type\":\"WebPage\",\"@id\":\"https:\/\/www.yoruksut.com.tr\/yoruksut-a-s\/\",\"url\":\"https:\/\/www.yoruksut.com.tr\/yoruksut-a-s\/\",\"name\":\"[:tr]Y\u00f6r\u00fcks\u00fct A.\u015e.[:] - Y\u00f6r\u00fcks\u00fct\",\"isPartOf\":{\"@id\":\"https:\/\/www.yoruksut.com.tr\/#website\"},\"datePublished\":\"2022-01-19T07:21:04+00:00\",\"dateModified\":\"2022-01-19T07:22:03+00:00\",\"breadcrumb\":{\"@id\":\"https:\/\/www.yoruksut.com.tr\/yoruksut-a-s\/#breadcrumb\"},\"inLanguage\":\"en-US\",\"potentialAction\":[{\"@type\":\"ReadAction\",\"target\":[\"https:\/\/www.yoruksut.com.tr\/yoruksut-a-s\/\"]}]},{\"@type\":\"BreadcrumbList\",\"@id\":\"https:\/\/www.yoruksut.com.tr\/yoruksut-a-s\/#breadcrumb\",\"itemListElement\":[{\"@type\":\"ListItem\",\"position\":1,\"name\":\"Ana sayfa\",\"item\":\"https:\/\/www.yoruksut.com.tr\/\"},{\"@type\":\"ListItem\",\"position\":2,\"name\":\"Y\u00f6r\u00fcks\u00fct A.\u015e.\"}]},{\"@type\":\"WebSite\",\"@id\":\"https:\/\/www.yoruksut.com.tr\/#website\",\"url\":\"https:\/\/www.yoruksut.com.tr\/\",\"name\":\"Y\u00f6r\u00fcks\u00fct\",\"description\":\"Mersin S\u00fct\",\"potentialAction\":[{\"@type\":\"SearchAction\",\"target\":{\"@type\":\"EntryPoint\",\"urlTemplate\":\"https:\/\/www.yoruksut.com.tr\/?s={search_term_string}\"},\"query-input\":{\"@type\":\"PropertyValueSpecification\",\"valueRequired\":true,\"valueName\":\"search_term_string\"}}],\"inLanguage\":\"en-US\"}]}<\/script>\n<!-- \/ Yoast SEO plugin. -->","yoast_head_json":{"title":"[:tr]Y\u00f6r\u00fcks\u00fct A.\u015e.[:] - Y\u00f6r\u00fcks\u00fct","robots":{"index":"index","follow":"follow","max-snippet":"max-snippet:-1","max-image-preview":"max-image-preview:large","max-video-preview":"max-video-preview:-1"},"canonical":"https:\/\/www.yoruksut.com.tr\/yoruksut-a-s\/","og_locale":"en_US","og_type":"article","og_title":"[:tr]Y\u00f6r\u00fcks\u00fct A.\u015e.[:] - Y\u00f6r\u00fcks\u00fct","og_description":"Sorry, this entry is only available in Turkish.","og_url":"https:\/\/www.yoruksut.com.tr\/yoruksut-a-s\/","og_site_name":"Y\u00f6r\u00fcks\u00fct","article_modified_time":"2022-01-19T07:22:03+00:00","twitter_card":"summary_large_image","twitter_misc":{"Est. reading time":"10 minutes"},"schema":{"@context":"https:\/\/schema.org","@graph":[{"@type":"WebPage","@id":"https:\/\/www.yoruksut.com.tr\/yoruksut-a-s\/","url":"https:\/\/www.yoruksut.com.tr\/yoruksut-a-s\/","name":"[:tr]Y\u00f6r\u00fcks\u00fct A.\u015e.[:] - Y\u00f6r\u00fcks\u00fct","isPartOf":{"@id":"https:\/\/www.yoruksut.com.tr\/#website"},"datePublished":"2022-01-19T07:21:04+00:00","dateModified":"2022-01-19T07:22:03+00:00","breadcrumb":{"@id":"https:\/\/www.yoruksut.com.tr\/yoruksut-a-s\/#breadcrumb"},"inLanguage":"en-US","potentialAction":[{"@type":"ReadAction","target":["https:\/\/www.yoruksut.com.tr\/yoruksut-a-s\/"]}]},{"@type":"BreadcrumbList","@id":"https:\/\/www.yoruksut.com.tr\/yoruksut-a-s\/#breadcrumb","itemListElement":[{"@type":"ListItem","position":1,"name":"Ana sayfa","item":"https:\/\/www.yoruksut.com.tr\/"},{"@type":"ListItem","position":2,"name":"Y\u00f6r\u00fcks\u00fct A.\u015e."}]},{"@type":"WebSite","@id":"https:\/\/www.yoruksut.com.tr\/#website","url":"https:\/\/www.yoruksut.com.tr\/","name":"Y\u00f6r\u00fcks\u00fct","description":"Mersin S\u00fct","potentialAction":[{"@type":"SearchAction","target":{"@type":"EntryPoint","urlTemplate":"https:\/\/www.yoruksut.com.tr\/?s={search_term_string}"},"query-input":{"@type":"PropertyValueSpecification","valueRequired":true,"valueName":"search_term_string"}}],"inLanguage":"en-US"}]}},"_links":{"self":[{"href":"https:\/\/www.yoruksut.com.tr\/en\/wp-json\/wp\/v2\/pages\/7596"}],"collection":[{"href":"https:\/\/www.yoruksut.com.tr\/en\/wp-json\/wp\/v2\/pages"}],"about":[{"href":"https:\/\/www.yoruksut.com.tr\/en\/wp-json\/wp\/v2\/types\/page"}],"author":[{"embeddable":true,"href":"https:\/\/www.yoruksut.com.tr\/en\/wp-json\/wp\/v2\/users\/1"}],"replies":[{"embeddable":true,"href":"https:\/\/www.yoruksut.com.tr\/en\/wp-json\/wp\/v2\/comments?post=7596"}],"version-history":[{"count":1,"href":"https:\/\/www.yoruksut.com.tr\/en\/wp-json\/wp\/v2\/pages\/7596\/revisions"}],"predecessor-version":[{"id":7597,"href":"https:\/\/www.yoruksut.com.tr\/en\/wp-json\/wp\/v2\/pages\/7596\/revisions\/7597"}],"wp:attachment":[{"href":"https:\/\/www.yoruksut.com.tr\/en\/wp-json\/wp\/v2\/media?parent=7596"}],"curies":[{"name":"wp","href":"https:\/\/api.w.org\/{rel}","templated":true}]}}